{"id":750,"date":"2025-08-25T10:21:29","date_gmt":"2025-08-25T16:21:29","guid":{"rendered":"https:\/\/rutamax.com\/?page_id=750"},"modified":"2025-09-17T12:47:33","modified_gmt":"2025-09-17T18:47:33","slug":"restablecer-contrasena","status":"publish","type":"page","link":"https:\/\/rutamax.com\/en\/restablecer-contrasena\/","title":{"rendered":"Reset password"},"content":{"rendered":"<div data-elementor-type=\"wp-page\" data-elementor-id=\"750\" class=\"elementor elementor-750\" data-elementor-post-type=\"page\">\n\t\t\t\t<div class=\"elementor-element elementor-element-b31fd04 e-flex e-con-boxed e-con e-parent\" data-id=\"b31fd04\" data-element_type=\"container\" data-e-type=\"container\" data-settings=\"{&quot;background_background&quot;:&quot;classic&quot;}\">\n\t\t\t\t\t<div class=\"e-con-inner\">\n\t\t<div class=\"elementor-element elementor-element-00417d0 e-con-full e-flex e-con e-child\" data-id=\"00417d0\" data-element_type=\"container\" data-e-type=\"container\">\n\t\t\t\t<div class=\"elementor-element elementor-element-e3c6eca elementor-widget elementor-widget-image\" data-id=\"e3c6eca\" data-element_type=\"widget\" data-e-type=\"widget\" data-widget_type=\"image.default\">\n\t\t\t\t\t\t\t\t\t\t\t\t\t\t\t\t<a href=\"https:\/\/rutamax.com\/en\">\n\t\t\t\t\t\t\t<img decoding=\"async\" width=\"59\" height=\"39\" src=\"https:\/\/rutamax.com\/wp-content\/uploads\/2025\/08\/logo-positivo.svg\" class=\"attachment-large size-large wp-image-239\" alt=\"\" \/>\t\t\t\t\t\t\t\t<\/a>\n\t\t\t\t\t\t\t\t\t\t\t\t\t\t\t<\/div>\n\t\t\t\t<\/div>\n\t\t<div class=\"elementor-element elementor-element-5d19457 e-con-full e-flex e-con e-child\" data-id=\"5d19457\" data-element_type=\"container\" data-e-type=\"container\">\n\t\t\t\t<div class=\"elementor-element elementor-element-9fa00a4 elementor-widget elementor-widget-button\" data-id=\"9fa00a4\" data-element_type=\"widget\" data-e-type=\"widget\" data-widget_type=\"button.default\">\n\t\t\t\t\t\t\t\t\t\t<a class=\"elementor-button elementor-button-link elementor-size-sm\" href=\"https:\/\/rutamax.com\/en\/iniciar-sesion\/\">\n\t\t\t\t\t\t<span class=\"elementor-button-content-wrapper\">\n\t\t\t\t\t\t\t\t\t<span class=\"elementor-button-text\">Login<\/span>\n\t\t\t\t\t<\/span>\n\t\t\t\t\t<\/a>\n\t\t\t\t\t\t\t\t<\/div>\n\t\t\t\t<\/div>\n\t\t\t\t\t<\/div>\n\t\t\t\t<\/div>\n\t\t<div class=\"elementor-element elementor-element-4b34cbc e-flex e-con-boxed e-con e-parent\" data-id=\"4b34cbc\" data-element_type=\"container\" data-e-type=\"container\" data-settings=\"{&quot;background_background&quot;:&quot;classic&quot;}\">\n\t\t\t\t\t<div class=\"e-con-inner\">\n\t\t<div class=\"elementor-element elementor-element-cb55082 e-con-full e-flex e-con e-child\" data-id=\"cb55082\" data-element_type=\"container\" data-e-type=\"container\" data-settings=\"{&quot;background_background&quot;:&quot;classic&quot;}\">\n\t\t\t\t<div class=\"elementor-element elementor-element-3fe5464 elementor-widget elementor-widget-heading\" data-id=\"3fe5464\" data-element_type=\"widget\" data-e-type=\"widget\" data-widget_type=\"heading.default\">\n\t\t\t\t\t<h5 class=\"elementor-heading-title elementor-size-default\">Reset password<\/h5>\t\t\t\t<\/div>\n\t\t\t\t<div class=\"elementor-element elementor-element-4ca0137 elementor-widget elementor-widget-text-editor\" data-id=\"4ca0137\" data-element_type=\"widget\" data-e-type=\"widget\" data-widget_type=\"text-editor.default\">\n\t\t\t\t\t\t\t\t\tEnter your data. \t\t\t\t\t\t\t\t<\/div>\n\t\t\t\t<div class=\"elementor-element elementor-element-19cf62d elementor-widget elementor-widget-jet-form-builder-form\" data-id=\"19cf62d\" data-element_type=\"widget\" data-e-type=\"widget\" data-widget_type=\"jet-form-builder-form.default\">\n\t\t\t\t<div class=\"elementor-widget-container\">\n\t\t\t\t\t<link rel='stylesheet' id='wp-block-library-css' href='https:\/\/rutamax.com\/wp-includes\/css\/dist\/block-library\/style.min.css?ver=6.8.5' media='all' \/>\n<style id=\"jet-form-builder-1664-inline-css\"><\/style><form  class=\"jet-form-builder layout-column submit-type-reload\" action=\"https:\/\/rutamax.com\/en\/wp-json\/wp\/v2\/pages\/750\/?qb8Box=kpUaKe5Uz7&#038;method=reload\" method=\"POST\" data-form-id=\"1664\" data-layout=\"column\" enctype=\"multipart\/form-data\" novalidate=\"null\" ssr_validation_method=\"rest\" data-trp-original-action=\"https:\/\/rutamax.com\/en\/wp-json\/wp\/v2\/pages\/750\/?qb8Box=kpUaKe5Uz7&amp;method=reload\"><input type=\"hidden\" id=\"_wpnonce\" name=\"_wpnonce\" value=\"dfe37b6dcf\" \/><input type=\"hidden\" name=\"_wp_http_referer\" value=\"\/en\/wp-json\/wp\/v2\/pages\/750\" \/>\r\n<input type=\"hidden\" name=\"_jfb_current_render_states[]\" value=\"DEFAULT.STATE\" data-jfb-sync \/><input type=\"hidden\" class=\"jet-form-builder__field hidden-field\" name=\"_jet_engine_booking_form_id\" data-field-name=\"_jet_engine_booking_form_id\" value=\"1664\">\n<input type=\"hidden\" class=\"jet-form-builder__field hidden-field\" name=\"_jet_engine_refer\" data-field-name=\"_jet_engine_refer\" value=\"https:\/\/rutamax.com\/en\/wp-json\/wp\/v2\/pages\/750\/\">\n<input type=\"hidden\" class=\"jet-form-builder__field hidden-field\" name=\"__queried_post_id\" data-field-name=\"__queried_post_id\" value=\"750\">\n\n<input type=\"hidden\" class=\"jet-form-builder__field hidden-field\" name=\"post_id\" data-field-name=\"post_id\" data-jfb-sync=\"null\" value=\"750\">\n\n\n\n\n<div  class=\"jet-form-builder-row field-type-text-field\" >\n<div class=\"jet-form-builder__label\">\r\n<div class=\"jet-form-builder__label-text\">E-mail address<\/div><\/div><div class=\"jet-form-builder__field-wrap\">\n\t\t\t\t<input name=\"user_login_or_email\" id=\"user_login_or_email\" type=\"text\" data-field-name=\"user_login_or_email\" class=\"jet-form-builder__field text-field\" data-jfb-sync=\"null\" autocomplete=\"off_aZXN8uYj\">\n\t\t\t\t\t<\/div>\n<\/div>\n\n\n\n<div  class=\"jet-form-builder-row field-type-submit-field\" >\n\t<div data-type=\"submit\" class=\"jet-form-builder__action-button-wrapper jet-form-builder__submit-wrap\">\n\t<button class=\"jet-form-builder__action-button jet-form-builder__submit submit-type-reload\" type=\"submit\">Send request<\/button>\n\t<\/div>\n\t\n<\/div>\n\t<div class=\"jet-form-builder-messages-wrap\" data-form-id=\"1664\"><\/div>\n<input type=\"hidden\" name=\"trp-form-language\" value=\"en\"\/><\/form>\n\t\t\t\t<\/div>\n\t\t\t\t<\/div>\n\t\t\t\t<\/div>\n\t\t\t\t\t<\/div>\n\t\t\t\t<\/div>\n\t\t\t\t<\/div>","protected":false},"excerpt":{"rendered":"<p>Iniciar sesi\u00f3n Ingresa tus datos. Correo electr\u00f3nico Enviar solicitud<\/p>","protected":false},"author":2,"featured_media":0,"parent":0,"menu_order":0,"comment_status":"closed","ping_status":"closed","template":"elementor_canvas","meta":{"footnotes":""},"categories":[36],"class_list":["post-750","page","type-page","status-publish","hentry","category-autenticacion"],"yoast_head":"<!-- This site is optimized with the Yoast SEO plugin v27.4 - https:\/\/yoast.com\/product\/yoast-seo-wordpress\/ -->\n<title>Restablecer contrase\u00f1a - Ruta Max<\/title>\n<meta name=\"robots\" content=\"index, follow, max-snippet:-1, max-image-preview:large, max-video-preview:-1\" \/>\n<link rel=\"canonical\" href=\"https:\/\/rutamax.com\/en\/restablecer-contrasena\/\" \/>\n<meta property=\"og:locale\" content=\"en_US\" \/>\n<meta property=\"og:type\" content=\"article\" \/>\n<meta property=\"og:title\" content=\"Restablecer contrase\u00f1a - Ruta Max\" \/>\n<meta property=\"og:description\" content=\"Iniciar sesi\u00f3n Ingresa tus datos. Correo electr\u00f3nico Enviar solicitud\" \/>\n<meta property=\"og:url\" content=\"https:\/\/rutamax.com\/en\/restablecer-contrasena\/\" \/>\n<meta property=\"og:site_name\" content=\"Ruta Max\" \/>\n<meta property=\"article:publisher\" content=\"https:\/\/www.facebook.com\/profile.php?id=61581358919193\" \/>\n<meta property=\"article:modified_time\" content=\"2025-09-17T18:47:33+00:00\" \/>\n<meta name=\"twitter:card\" content=\"summary_large_image\" \/>\n<script type=\"application\/ld+json\" class=\"yoast-schema-graph\">{\"@context\":\"https:\\\/\\\/schema.org\",\"@graph\":[{\"@type\":\"WebPage\",\"@id\":\"https:\\\/\\\/rutamax.com\\\/restablecer-contrasena\\\/\",\"url\":\"https:\\\/\\\/rutamax.com\\\/restablecer-contrasena\\\/\",\"name\":\"Restablecer contrase\u00f1a - Ruta Max\",\"isPartOf\":{\"@id\":\"https:\\\/\\\/rutamax.com\\\/#website\"},\"primaryImageOfPage\":{\"@id\":\"https:\\\/\\\/rutamax.com\\\/restablecer-contrasena\\\/#primaryimage\"},\"image\":{\"@id\":\"https:\\\/\\\/rutamax.com\\\/restablecer-contrasena\\\/#primaryimage\"},\"thumbnailUrl\":\"https:\\\/\\\/rutamax.com\\\/wp-content\\\/uploads\\\/2025\\\/08\\\/logo-positivo.svg\",\"datePublished\":\"2025-08-25T16:21:29+00:00\",\"dateModified\":\"2025-09-17T18:47:33+00:00\",\"breadcrumb\":{\"@id\":\"https:\\\/\\\/rutamax.com\\\/restablecer-contrasena\\\/#breadcrumb\"},\"inLanguage\":\"en-US\",\"potentialAction\":[{\"@type\":\"ReadAction\",\"target\":[\"https:\\\/\\\/rutamax.com\\\/restablecer-contrasena\\\/\"]}]},{\"@type\":\"ImageObject\",\"inLanguage\":\"en-US\",\"@id\":\"https:\\\/\\\/rutamax.com\\\/restablecer-contrasena\\\/#primaryimage\",\"url\":\"https:\\\/\\\/rutamax.com\\\/wp-content\\\/uploads\\\/2025\\\/08\\\/logo-positivo.svg\",\"contentUrl\":\"https:\\\/\\\/rutamax.com\\\/wp-content\\\/uploads\\\/2025\\\/08\\\/logo-positivo.svg\"},{\"@type\":\"BreadcrumbList\",\"@id\":\"https:\\\/\\\/rutamax.com\\\/restablecer-contrasena\\\/#breadcrumb\",\"itemListElement\":[{\"@type\":\"ListItem\",\"position\":1,\"name\":\"Home\",\"item\":\"https:\\\/\\\/rutamax.com\\\/\"},{\"@type\":\"ListItem\",\"position\":2,\"name\":\"Restablecer contrase\u00f1a\"}]},{\"@type\":\"WebSite\",\"@id\":\"https:\\\/\\\/rutamax.com\\\/#website\",\"url\":\"https:\\\/\\\/rutamax.com\\\/\",\"name\":\"Ruta Max\",\"description\":\"\",\"publisher\":{\"@id\":\"https:\\\/\\\/rutamax.com\\\/#organization\"},\"potentialAction\":[{\"@type\":\"SearchAction\",\"target\":{\"@type\":\"EntryPoint\",\"urlTemplate\":\"https:\\\/\\\/rutamax.com\\\/?s={search_term_string}\"},\"query-input\":{\"@type\":\"PropertyValueSpecification\",\"valueRequired\":true,\"valueName\":\"search_term_string\"}}],\"inLanguage\":\"en-US\"},{\"@type\":\"Organization\",\"@id\":\"https:\\\/\\\/rutamax.com\\\/#organization\",\"name\":\"Ruta Max\",\"url\":\"https:\\\/\\\/rutamax.com\\\/\",\"logo\":{\"@type\":\"ImageObject\",\"inLanguage\":\"en-US\",\"@id\":\"https:\\\/\\\/rutamax.com\\\/#\\\/schema\\\/logo\\\/image\\\/\",\"url\":\"https:\\\/\\\/rutamax.com\\\/wp-content\\\/uploads\\\/2025\\\/08\\\/logo-positivo-1.svg\",\"contentUrl\":\"https:\\\/\\\/rutamax.com\\\/wp-content\\\/uploads\\\/2025\\\/08\\\/logo-positivo-1.svg\",\"width\":59,\"height\":39,\"caption\":\"Ruta Max\"},\"image\":{\"@id\":\"https:\\\/\\\/rutamax.com\\\/#\\\/schema\\\/logo\\\/image\\\/\"},\"sameAs\":[\"https:\\\/\\\/www.facebook.com\\\/profile.php?id=61581358919193\"]}]}<\/script>\n<!-- \/ Yoast SEO plugin. -->","yoast_head_json":{"title":"Restablecer contrase\u00f1a - Ruta Max","robots":{"index":"index","follow":"follow","max-snippet":"max-snippet:-1","max-image-preview":"max-image-preview:large","max-video-preview":"max-video-preview:-1"},"canonical":"https:\/\/rutamax.com\/en\/restablecer-contrasena\/","og_locale":"en_US","og_type":"article","og_title":"Restablecer contrase\u00f1a - Ruta Max","og_description":"Iniciar sesi\u00f3n Ingresa tus datos. Correo electr\u00f3nico Enviar solicitud","og_url":"https:\/\/rutamax.com\/en\/restablecer-contrasena\/","og_site_name":"Ruta Max","article_publisher":"https:\/\/www.facebook.com\/profile.php?id=61581358919193","article_modified_time":"2025-09-17T18:47:33+00:00","twitter_card":"summary_large_image","schema":{"@context":"https:\/\/schema.org","@graph":[{"@type":"WebPage","@id":"https:\/\/rutamax.com\/restablecer-contrasena\/","url":"https:\/\/rutamax.com\/restablecer-contrasena\/","name":"Restablecer contrase\u00f1a - Ruta Max","isPartOf":{"@id":"https:\/\/rutamax.com\/#website"},"primaryImageOfPage":{"@id":"https:\/\/rutamax.com\/restablecer-contrasena\/#primaryimage"},"image":{"@id":"https:\/\/rutamax.com\/restablecer-contrasena\/#primaryimage"},"thumbnailUrl":"https:\/\/rutamax.com\/wp-content\/uploads\/2025\/08\/logo-positivo.svg","datePublished":"2025-08-25T16:21:29+00:00","dateModified":"2025-09-17T18:47:33+00:00","breadcrumb":{"@id":"https:\/\/rutamax.com\/restablecer-contrasena\/#breadcrumb"},"inLanguage":"en-US","potentialAction":[{"@type":"ReadAction","target":["https:\/\/rutamax.com\/restablecer-contrasena\/"]}]},{"@type":"ImageObject","inLanguage":"en-US","@id":"https:\/\/rutamax.com\/restablecer-contrasena\/#primaryimage","url":"https:\/\/rutamax.com\/wp-content\/uploads\/2025\/08\/logo-positivo.svg","contentUrl":"https:\/\/rutamax.com\/wp-content\/uploads\/2025\/08\/logo-positivo.svg"},{"@type":"BreadcrumbList","@id":"https:\/\/rutamax.com\/restablecer-contrasena\/#breadcrumb","itemListElement":[{"@type":"ListItem","position":1,"name":"Home","item":"https:\/\/rutamax.com\/"},{"@type":"ListItem","position":2,"name":"Restablecer contrase\u00f1a"}]},{"@type":"WebSite","@id":"https:\/\/rutamax.com\/#website","url":"https:\/\/rutamax.com\/","name":"Max Route","description":"","publisher":{"@id":"https:\/\/rutamax.com\/#organization"},"potentialAction":[{"@type":"SearchAction","target":{"@type":"EntryPoint","urlTemplate":"https:\/\/rutamax.com\/?s={search_term_string}"},"query-input":{"@type":"PropertyValueSpecification","valueRequired":true,"valueName":"search_term_string"}}],"inLanguage":"en-US"},{"@type":"Organization","@id":"https:\/\/rutamax.com\/#organization","name":"Max Route","url":"https:\/\/rutamax.com\/","logo":{"@type":"ImageObject","inLanguage":"en-US","@id":"https:\/\/rutamax.com\/#\/schema\/logo\/image\/","url":"https:\/\/rutamax.com\/wp-content\/uploads\/2025\/08\/logo-positivo-1.svg","contentUrl":"https:\/\/rutamax.com\/wp-content\/uploads\/2025\/08\/logo-positivo-1.svg","width":59,"height":39,"caption":"Ruta Max"},"image":{"@id":"https:\/\/rutamax.com\/#\/schema\/logo\/image\/"},"sameAs":["https:\/\/www.facebook.com\/profile.php?id=61581358919193"]}]}},"_links":{"self":[{"href":"https:\/\/rutamax.com\/en\/wp-json\/wp\/v2\/pages\/750","targetHints":{"allow":["GET"]}}],"collection":[{"href":"https:\/\/rutamax.com\/en\/wp-json\/wp\/v2\/pages"}],"about":[{"href":"https:\/\/rutamax.com\/en\/wp-json\/wp\/v2\/types\/page"}],"author":[{"embeddable":true,"href":"https:\/\/rutamax.com\/en\/wp-json\/wp\/v2\/users\/2"}],"replies":[{"embeddable":true,"href":"https:\/\/rutamax.com\/en\/wp-json\/wp\/v2\/comments?post=750"}],"version-history":[{"count":17,"href":"https:\/\/rutamax.com\/en\/wp-json\/wp\/v2\/pages\/750\/revisions"}],"predecessor-version":[{"id":1784,"href":"https:\/\/rutamax.com\/en\/wp-json\/wp\/v2\/pages\/750\/revisions\/1784"}],"wp:attachment":[{"href":"https:\/\/rutamax.com\/en\/wp-json\/wp\/v2\/media?parent=750"}],"wp:term":[{"taxonomy":"category","embeddable":true,"href":"https:\/\/rutamax.com\/en\/wp-json\/wp\/v2\/categories?post=750"}],"curies":[{"name":"wp","href":"https:\/\/api.w.org\/{rel}","templated":true}]}}